{"id":94,"date":"2023-04-05T12:19:05","date_gmt":"2023-04-05T12:19:05","guid":{"rendered":"https:\/\/www.engie-vianeo.com\/les-nouveaux-horizons-de-la-mobilite\/"},"modified":"2023-09-27T12:23:42","modified_gmt":"2023-09-27T12:23:42","slug":"les-nouveaux-horizons-de-la-mobilite","status":"publish","type":"page","link":"https:\/\/vianeo-int.noprod.db-vianeo.com\/nl\/","title":{"rendered":"Start to charge your electric car with ENGIE Vianeo"},"content":{"rendered":"\n\n<section class=\"hero_header_style_1 wp-block-engie-hero-header\"\n\t\t\tstyle=\"background:linear-gradient(0deg, rgba(24, 38, 99, 0.6), rgba(24, 38, 99, 0.6)),url(https:\/\/vianeo-int.noprod.db-vianeo.com\/wp-content\/uploads\/2023\/05\/accueil.webp) center no-repeat; background-size:cover;\" \n\t>\n\t<div class=\"container\">\n\t\t<div class=\"hero-header-inner\">\t\n\t\t\t<div class=\"hero-header-content\">\n\t\t\t\t\t\t\t\t\t<h1 class=\"hero-header-title\"> <strong>Met ENGIE Vianeo schakel je zorgeloos over op elektrische mobiliteit<\/strong><\/h1>\n\t\t\t\t\t<p class=\"hero-header-desc\">ENGIE Vianeo ondersteunt jouw elektrische mobiliteit, vandaag en op lange termijn. Met aangepaste oplossingen die gemakkelijk in te voeren zijn, versnellen wij het koolstofvrij maken van jouw verplaatsingen.<\/p>\t\t\t<\/div>\n\t\t<\/div>\n\t<\/div>\n\n<\/section>\n\n<section class=\"nb-columns-1 wp-block-engie-cta-wide-creative\">\n\n\t<div class=\"container\">\n\t\t<div class=\"block-cta-wide-left\">\n\t\t\t\n\n<div class=\"wp-block-columns is-layout-flex wp-container-core-columns-is-layout-1 wp-block-columns-is-layout-flex\">\n<div class=\"wp-block-column is-layout-flow wp-block-column-is-layout-flow\"><div class=\"wp-block-engie-cta-wide\">\n\t<div class=\"block-cta-content\">\n\t\t<div class=\"block-cta-title block-cta-wide-title\">\n\t\t\t<div class=\"title-round-icon\">\n\t\t\t\t<div class=\"title-icon whiteonly roundicons icon-size-m\"><img decoding=\"async\" src=\"\/wp-content\/plugins\/engie-blocks\/assets\/roundicons\/map.svg\" \/><\/div>\t\t\t\t<h2 class=\"title-cta-wide\"><strong>Al onze ENGIE Vianeo-laadstations<\/strong><\/h2>\t\t\t<\/div>\n\t\t\t\t\t<\/div>\n\t\t<div class=\"block-cta-wide-desc\">\n\n<p>Op onze interactieve kaart vind je in realtime al onze laadstations en -palen in het hele gebied, wat hun beschikbaarheid is, welk type stopcontact wordt aanvaard, wat het laadvermogen is, enzovoort. Je kunt er ook je route mee plannen.<\/p>\n\n<\/div>\t\t\n\t\t<ul class=\"block-cta-buttons-list block-cta-wide-buttons-list\">\t\n\t\t\t\t\t\t\t<li><a class=\"nj-btn\" href=\"https:\/\/vianeo-int.noprod.db-vianeo.com\/nl\/oplaadpunten-elektrische-auto\">Bekijk al oner ENGIE Vianeo-laadstations<\/a><\/li>\n\t\t\t\n\t\t\t\t\t<\/ul>\n\t<\/div>\n<\/div>\n<\/div>\n<\/div>\n\n\t\t<\/div>\n\t<\/div>\n\t<div class=\"block-cta-wide-right\">\n\t\t<div \n\t\t\tclass=\"block-cta-wide-right-inner\" \n\t\t\t\t\t\t\tstyle=\"background:url(https:\/\/vianeo-int.noprod.db-vianeo.com\/wp-content\/uploads\/2023\/06\/stations-de-recharge.svg) right no-repeat; background-size:contain; height:auto; min-height:100%;\" \n\t\t\t\t\t>\n\t\t<\/div>\n\t<\/div>\n\n<\/section>\n\n<div class=\"wp-block-engie-bend-three-quarter has-background has-tertiary-background-color\" >\n\t<div class=\"bend_three_quarter_img bend_three_quarter_white bend_three_quarter_top bend_three_quarter_right\">\n\t<\/div>\n<\/div>\n\n\n\n<section class=\"style-left background-white wp-block-engie-block-cta-main\">\n\t\n\t<div class=\"block-cta-main-left\">\n\t\t<div class=\"block-cta-content\">\n\t\t\t<div class=\"title-round-icon\">\n\t\t\t\t\t\t\t\t<div class=\"block-cta-title\">\n\t\t\t\t\t<h2 class=\"title-cta-block\">Jouw kant-en-klare ENGIE Vianeo-laadstation<\/h2>\t\t\t\t<\/div>\n\t\t\t<\/div>\n\t\t\t<p class=\"block-cta-desc\">Wil je zonder zorgen een laadinfrastructuur voor elektrische auto&#8217;s opzetten? Wij zorgen voor alles!\u00a0<\/p>\t\t\n\t\t\t<ul class=\"block-cta-buttons-list\">\t\t\t \n\n\t\t\t\t\t\t\t\t\t<li><a class=\"nj-btn\" href=\"https:\/\/vianeo-int.noprod.db-vianeo.com\/nl\/een-laadpunt-installeren\/\">Ontdek<\/a><\/li>\n\t\t\t\t\n\t\t\t\t\n\t\t\t<\/ul>\n\t\t<\/div>\n\t<\/div>\n\t\n\t<div class=\"block-cta-main-right\">\n\t\t<div class=\"block-cta-picture\"\n\t\t\t\t\t\t\tstyle=\"background:url(https:\/\/vianeo-int.noprod.db-vianeo.com\/wp-content\/uploads\/2023\/07\/block-1.webp) no-repeat; background-size:cover;\" \n\t\t\t>\n\t\t<\/div>\n\t<\/div>\n\n<\/section>\n\n<section class=\"section_titles_style_primary wp-block-engie-section-titles has-background has-grey-0-background-color\">\n\t<div class=\"container\">\n\t\t<h2 class=\"section_titles_title sections_titles_border_title\"><strong>ENGIE Vianeo-applicatie<\/strong><\/h2 >\t\t\t<\/div>\n<\/section>\n\n\n<section class=\"bend-orientation-top bend-color-grey block-cta-app wp-block-engie-block-cta-app\">\n\t<div class=\"container\">\n\t\t<div class=\"block-cta-app-inner\">\n\t\t\t<div class=\"block-cta-app-img\" style=\"background:url(https:\/\/vianeo-int.noprod.db-vianeo.com\/wp-content\/plugins\/engie-blocks\/assets\/img\/app-illustration.svg) bottom no-repeat; background-size:contain;\"><\/div>\n\t\t\t<div class=\"block-cta-app-content\">\n\t\t\t\t\n\n<div class=\"nj-modal fade\" id=\"qrcodeModal\" role=\"alertDialog\" aria-labelledby=\"qrcodeModalLabel\">\n  <div class=\"nj-modal__dialog\" role=\"document\">\n\t<div class=\"nj-modal__content\">\n\t  <div class=\"nj-modal__header\">\n\t\t<button type=\"button\" class=\"nj-icon-btn nj-icon-btn--lg nj-icon-btn--secondary nj-modal__close\" data-dismiss=\"modal\" aria-label=\"Close\">\n\t\t  <span aria-hidden=\"true\" class=\"nj-icon-btn__icon material-icons\">close<\/span>\n\t\t<\/button>\n\t  <\/div>\n\t  <div class=\"nj-modal__body\">\n\t\t<img decoding=\"async\" src=\"https:\/\/vianeo-int.noprod.db-vianeo.com\/wp-content\/uploads\/2024\/10\/QR-code-new-popup.png\" alt=\"\">\n\t  <\/div>\n\t  <div class=\"nj-modal__footer\">\n\t\t<p>Scan de QR-code om de ENGIE Vianeo App te downloaden<\/p>\n\t  <\/div>\n\t<\/div>\n  <\/div>\n<\/div>\n<section class=\"style-column-2 background-white wp-block-engie-block-cta-text-only\">\n\n\t\t<div class=\"block-cta-text-only style-column-2\">\n\t\t<h2 class=\"block-cta-text-only-title\"><strong>De ENGIE Vianeo-applicatie maakt het gemakkelijk!<\/strong><\/h2>\t\t<div class=\"block-cta-text-only-content\">\n\t\t\t<p class=\"block-cta-text-only-content-desc\"><strong><strong>ENGIE Vianeo maakt jouw leven eenvoudiger. Je vindt je gewenste oplaadpunt <\/strong>en start de navigatie om het te bereiken.<\/strong><\/p>\t\t\t<div class=\"block-cta-text-only-content-list-buttons\">\n\t\t\t\t<ul>\n\t\t\t\t\t\t\t\t\t\t\t<li><button class=\"nj-btn cta-app-button\" data-toggle=\"modal\" data-target=\"#qrcodeModal\">Downloaden<\/button><\/li>\n\t\t\t\t\t\n\t\t\t\t\t\n\t\t\t\t<\/ul>\n\t\t\t<\/div>\n\t\t<\/div>\n\t<\/div>\n\t\n<\/section>\n\n\t\t\t<\/div>\n\t\t<\/div>\n\t<\/div>\n\t<div class=\"circular-arc\">\n\t\t<img decoding=\"async\" class=\"white-circular-arc\" src=\"https:\/\/vianeo-int.noprod.db-vianeo.com\/wp-content\/plugins\/engie-blocks\/assets\/img\/white_circular_arc.svg\" alt=\"white_circular_arc\">\n\t\t<img decoding=\"async\" class=\"grey-circular-arc\" src=\"https:\/\/vianeo-int.noprod.db-vianeo.com\/wp-content\/plugins\/engie-blocks\/assets\/img\/grey_circular_arc.svg\" alt=\"grey_circular_arc\">\n\t<\/div>\n<\/section>\n\n<section class=\"section_titles_style_primary wp-block-engie-section-titles has-background has-grey-100-background-color\">\n\t<div class=\"container\">\n\t\t<h2 class=\"section_titles_title sections_titles_border_title\">ENGIE Vianeo&#8217;s nieuwsbrief over elektrische mobiliteit<\/h2 >\t\t<p class=\"section_titles_desc\">Alles wat je moet weten om je mobiliteitservaring met elektrische auto&#8217;s te verbeteren en te vereenvoudigen: tips, trucs en het laatste nieuws.<\/p>\t<\/div>\n<\/section>\n\n\n<section class=\"carrousel_color_grey100 wp-block-engie-carrousel-articles\">\n\t<div class=\"container\">\n\t\t<div class=\"carousel-articles-wrapper\">\n\t\t\t\t\t\t\t\t\t<div class=\"wp-block-engie-post-card\">\n<a href=\"https:\/\/vianeo-int.noprod.db-vianeo.com\/nl\/test-nl\/\">\n\n\t<div class=\"nj-card \">\n\t\t<div class=\"img-container\">\n\t\t\t<img decoding=\"async\" class=\"nj-card__img\" src=\"\" alt=\" \" \/>\n\t\t<\/div>\n\t\t<div class=\"nj-card__body\">\n\t\t\t<div class=\"mb-2\">\n\t\t\t\t\t\t\t\t<div class=\"nj-tag nj-tag--tag\"><span class=\"nj-tag__text\">Unclassified<\/span><\/div>\n\t\t\t\t\t\t\t<\/div>\n\t\t\t<h2 class=\"nj-card__title\">Test NL<\/h2>\n\t\t\t<p>Traduction NL<\/p>\n\t\t<\/div>\n\t<\/div>\n\t<\/a>\n<\/div>\n\t\t\t\t\t\t\t\t\t\t\t<div class=\"wp-block-engie-post-card\">\n<a href=\"https:\/\/vianeo-int.noprod.db-vianeo.com\/nl\/engie-vianeo-is-goed-ingeburgerd-op-het-franse-snelwegennet\/\">\n\n\t<div class=\"nj-card \">\n\t\t<div class=\"img-container\">\n\t\t\t<img decoding=\"async\" class=\"nj-card__img\" src=\"https:\/\/vianeo-int.noprod.db-vianeo.com\/wp-content\/uploads\/2023\/07\/block-4.webp\" alt=\" \" \/>\n\t\t<\/div>\n\t\t<div class=\"nj-card__body\">\n\t\t\t<div class=\"mb-2\">\n\t\t\t\t\t\t\t\t<div class=\"nj-tag nj-tag--tag\"><span class=\"nj-tag__text\">Mobilit\u00e9 lourde<\/span><\/div>\n\t\t\t\t\t\t\t\t<div class=\"nj-tag nj-tag--tag\"><span class=\"nj-tag__text\">Unclassified<\/span><\/div>\n\t\t\t\t\t\t\t<\/div>\n\t\t\t<h2 class=\"nj-card__title\">ENGIE Vianeo is goed ingeburgerd op het Franse snelwegennet<\/h2>\n\t\t\t<p><\/p>\n\t\t<\/div>\n\t<\/div>\n\t<\/a>\n<\/div>\n\t\t\t\t\t\t\t\t\t\t\t<div class=\"wp-block-engie-post-card\">\n<a href=\"https:\/\/vianeo-int.noprod.db-vianeo.com\/nl\/relever-le-defi-de-la-decarbonation-de-la-mobilite-lourde\/\">\n\n\t<div class=\"nj-card \">\n\t\t<div class=\"img-container\">\n\t\t\t<img decoding=\"async\" class=\"nj-card__img\" src=\"https:\/\/vianeo-int.noprod.db-vianeo.com\/wp-content\/uploads\/2023\/10\/MOBILITES-LOURDES_visuel_article_792x350V2.webp\" alt=\" \" \/>\n\t\t<\/div>\n\t\t<div class=\"nj-card__body\">\n\t\t\t<div class=\"mb-2\">\n\t\t\t\t\t\t\t\t<div class=\"nj-tag nj-tag--\"><span class=\"nj-tag__text\">Communiqu\u00e9 de presse<\/span><\/div>\n\t\t\t\t\t\t\t\t<div class=\"nj-tag nj-tag--tag\"><span class=\"nj-tag__text\">Mobilit\u00e9 lourde<\/span><\/div>\n\t\t\t\t\t\t\t<\/div>\n\t\t\t<h2 class=\"nj-card__title\">Semaine europ\u00e9enne de la mobilit\u00e9\u00a0: relever le d\u00e9fi de la d\u00e9carbonation de la mobilit\u00e9 lourde<\/h2>\n\t\t\t<p>Le groupe ENGIE est leader de la transition \u00e9nerg\u00e9tique&nbsp;: c\u2019est donc tout naturellement qu\u2019ENGIE Vianeo, la marque du Groupe d\u00e9di\u00e9e \u00e0 la mobilit\u00e9 \u00e9lectrique lanc\u00e9e le 15 juin 2023, a pour ambition de d\u00e9carboner les transports routiers. Si la mobilit\u00e9 lourde en France ne repr\u00e9sente qu\u20191,3 % des v\u00e9hicules, elle est responsable de 27 % [&hellip;]<\/p>\n\t\t<\/div>\n\t<\/div>\n\t<\/a>\n<\/div>\n\t\t\t\t\t\t\t\t\t\t\t<div class=\"wp-block-engie-post-card\">\n<a href=\"https:\/\/vianeo-int.noprod.db-vianeo.com\/nl\/warm-weer-en-de-actieradius-van-je-auto\/\">\n\n\t<div class=\"nj-card \">\n\t\t<div class=\"img-container\">\n\t\t\t<img decoding=\"async\" class=\"nj-card__img\" src=\"https:\/\/vianeo-int.noprod.db-vianeo.com\/wp-content\/uploads\/2023\/07\/article-picture-3-2.webp\" alt=\" \" \/>\n\t\t<\/div>\n\t\t<div class=\"nj-card__body\">\n\t\t\t<div class=\"mb-2\">\n\t\t\t\t\t\t\t\t<div class=\"nj-tag nj-tag--\"><span class=\"nj-tag__text\">Conseils pratiques<\/span><\/div>\n\t\t\t\t\t\t\t\t<div class=\"nj-tag nj-tag--brand\"><span class=\"nj-tag__text\">elektrisch voertuig<\/span><\/div>\n\t\t\t\t\t\t\t\t<div class=\"nj-tag nj-tag--green\"><span class=\"nj-tag__text\">Tips<\/span><\/div>\n\t\t\t\t\t\t\t<\/div>\n\t\t\t<h2 class=\"nj-card__title\">Warm weer en de actieradius van je auto: wat je moet weten<\/h2>\n\t\t\t<p>Warm weer kan aanzienlijke gevolgen hebben voor jouw elektrische auto. Blootstelling aan uitermate warm weer be\u00efnvloedt de werking en levensduur van de batterij. Oververhitting kan de levensduur van de batterij verminderen en het opladen vertragen. Een goed koelsysteem is daarom essentieel. Wij raden je ook aan om zuinig om te springen met de airconditioning!<\/p>\n\t\t<\/div>\n\t<\/div>\n\t<\/a>\n<\/div>\n\t\t\t\t\t\t\t\t\t\t\t<div class=\"wp-block-engie-post-card\">\n<a href=\"https:\/\/vianeo-int.noprod.db-vianeo.com\/nl\/opladen-van\/\">\n\n\t<div class=\"nj-card \">\n\t\t<div class=\"img-container\">\n\t\t\t<img decoding=\"async\" class=\"nj-card__img\" src=\"https:\/\/vianeo-int.noprod.db-vianeo.com\/wp-content\/uploads\/2023\/07\/article-picture-2.webp\" alt=\" \" \/>\n\t\t<\/div>\n\t\t<div class=\"nj-card__body\">\n\t\t\t<div class=\"mb-2\">\n\t\t\t\t\t\t\t\t<div class=\"nj-tag nj-tag--\"><span class=\"nj-tag__text\">Conseils pratiques<\/span><\/div>\n\t\t\t\t\t\t\t\t<div class=\"nj-tag nj-tag--brand\"><span class=\"nj-tag__text\">elektrisch voertuig<\/span><\/div>\n\t\t\t\t\t\t\t\t<div class=\"nj-tag nj-tag--green\"><span class=\"nj-tag__text\">Tips<\/span><\/div>\n\t\t\t\t\t\t\t<\/div>\n\t\t\t<h2 class=\"nj-card__title\">De juiste manier om het opladen van je voertuig te plannen<\/h2>\n\t\t\t<p>Het opladen van je elektrische auto is bijna net zo eenvoudig als het opladen van je smartphone. Op voorwaarde dat je het op de juiste manier aanpakt. Wat is de ideale frequentie voor het opladen? Is het een goed idee om je auto elke dag op een laadstation aan te sluiten? Onze praktische tips om beter voor de batterij van je auto te zorgen.<\/p>\n\t\t<\/div>\n\t<\/div>\n\t<\/a>\n<\/div>\n\t\t\t\t\t\t\t\t\t\t\t<div class=\"wp-block-engie-post-card\">\n<a href=\"https:\/\/vianeo-int.noprod.db-vianeo.com\/nl\/de-elektrische-auto-een-bondgenoot-van-de-energietransitie\/\">\n\n\t<div class=\"nj-card \">\n\t\t<div class=\"img-container\">\n\t\t\t<img decoding=\"async\" class=\"nj-card__img\" src=\"https:\/\/vianeo-int.noprod.db-vianeo.com\/wp-content\/uploads\/2023\/10\/Sans-titre-1.webp\" alt=\"test\" \/>\n\t\t<\/div>\n\t\t<div class=\"nj-card__body\">\n\t\t\t<div class=\"mb-2\">\n\t\t\t\t\t\t\t\t<div class=\"nj-tag nj-tag--\"><span class=\"nj-tag__text\">Conseils pratiques<\/span><\/div>\n\t\t\t\t\t\t\t\t<div class=\"nj-tag nj-tag--brand\"><span class=\"nj-tag__text\">elektrisch voertuig<\/span><\/div>\n\t\t\t\t\t\t\t\t<div class=\"nj-tag nj-tag--green\"><span class=\"nj-tag__text\">Tips<\/span><\/div>\n\t\t\t\t\t\t\t<\/div>\n\t\t\t<h2 class=\"nj-card__title\">De elektrische auto, een bondgenoot van de energietransitie<\/h2>\n\t\t\t<p>De opwarming van de aarde gaat steeds sneller. In Frankrijk is de vervoerssector op zichzelf verantwoordelijk voor 31% van de uitstoot van broeikasgassen! Het is ook een belangrijke oorzaak van vervuiling. De elektrische auto speelt dus een sleutelrol in het koolstofvrij maken van het wagenpark, het verbeteren van de luchtkwaliteit en het bereiken van de Franse nationale doelstelling om tegen 2050 een nuluitstoot te bereiken. <\/p>\n\t\t<\/div>\n\t<\/div>\n\t<\/a>\n<\/div>\n\t\t\t\t\t\t\t<\/div>\n\t<\/div>\n\t\t\t\t\t<a href=\"\n\thttps:\/\/vianeo-int.noprod.db-vianeo.com\/nl\/adviezen-en-nieuws\/\" class=\"nj-btn\">Bekijk al het nieuws<\/a>\n\n<\/section>\n","protected":false},"excerpt":{"rendered":"","protected":false},"author":2,"featured_media":0,"parent":0,"menu_order":0,"comment_status":"closed","ping_status":"closed","template":"","meta":{"footnotes":""},"class_list":["post-94","page","type-page","status-publish","hentry"],"acf":[],"yoast_head":"<!-- This site is optimized with the Yoast SEO plugin v20.8 - https:\/\/yoast.com\/wordpress\/plugins\/seo\/ -->\n<title>Start to charge your electric car with ENGIE Vianeo<\/title>\n<meta name=\"description\" content=\"With ENGIE Vianeo, take a new approach to electric mobility. Decarbonize your everyday life with our electric charging solutions.\" \/>\n<meta name=\"robots\" content=\"noindex, follow, max-snippet:-1, max-image-preview:large, max-video-preview:-1\" \/>\n<meta property=\"og:locale\" content=\"nl_NL\" \/>\n<meta property=\"og:type\" content=\"article\" \/>\n<meta property=\"og:title\" content=\"ENGIE\" \/>\n<meta property=\"og:description\" content=\"With ENGIE Vianeo, take a new approach to electric mobility. Decarbonize your everyday life with our electric charging solutions.\" \/>\n<meta property=\"og:url\" content=\"https:\/\/vianeo-int.noprod.db-vianeo.com\/nl\/\" \/>\n<meta property=\"og:site_name\" content=\"ENGIE\" \/>\n<meta property=\"article:publisher\" content=\"https:\/\/www.facebook.com\/ENGIEvianeo\" \/>\n<meta property=\"article:modified_time\" content=\"2023-09-27T12:23:42+00:00\" \/>\n<meta property=\"og:image\" content=\"https:\/\/www.engie-vianeo.com\/wp-content\/uploads\/2023\/06\/img-engie-rs.jpg\" \/>\n\t<meta property=\"og:image:width\" content=\"1200\" \/>\n\t<meta property=\"og:image:height\" content=\"1222\" \/>\n\t<meta property=\"og:image:type\" content=\"image\/jpeg\" \/>\n<meta name=\"twitter:card\" content=\"summary_large_image\" \/>\n<meta name=\"twitter:title\" content=\"ENGIE\" \/>\n<meta name=\"twitter:description\" content=\"With ENGIE Vianeo, take a new approach to electric mobility. Decarbonize your everyday life with our electric charging solutions.\" \/>\n<meta name=\"twitter:image\" content=\"https:\/\/vianeo-int.noprod.db-vianeo.com\/wp-content\/uploads\/2023\/06\/img-engie-rs.jpg\" \/>\n<meta name=\"twitter:site\" content=\"@ENGIEvianeo\" \/>\n<meta name=\"twitter:label1\" content=\"Est. reading time\" \/>\n\t<meta name=\"twitter:data1\" content=\"1 minute\" \/>\n<script type=\"application\/ld+json\" class=\"yoast-schema-graph\">{\"@context\":\"https:\/\/schema.org\",\"@graph\":[{\"@type\":\"WebPage\",\"@id\":\"https:\/\/vianeo-int.noprod.db-vianeo.com\/nl\/\",\"url\":\"https:\/\/vianeo-int.noprod.db-vianeo.com\/nl\/\",\"name\":\"Start to charge your electric car with ENGIE Vianeo\",\"isPartOf\":{\"@id\":\"https:\/\/vianeo-int.noprod.db-vianeo.com\/nl\/#website\"},\"datePublished\":\"2023-04-05T12:19:05+00:00\",\"dateModified\":\"2023-09-27T12:23:42+00:00\",\"description\":\"With ENGIE Vianeo, take a new approach to electric mobility. Decarbonize your everyday life with our electric charging solutions.\",\"breadcrumb\":{\"@id\":\"https:\/\/vianeo-int.noprod.db-vianeo.com\/nl\/#breadcrumb\"},\"inLanguage\":\"nl-NL\",\"potentialAction\":[{\"@type\":\"ReadAction\",\"target\":[\"https:\/\/vianeo-int.noprod.db-vianeo.com\/nl\/\"]}]},{\"@type\":\"BreadcrumbList\",\"@id\":\"https:\/\/vianeo-int.noprod.db-vianeo.com\/nl\/#breadcrumb\",\"itemListElement\":[{\"@type\":\"ListItem\",\"position\":1,\"name\":\"home\",\"item\":\"https:\/\/www.engie-vianeo.com\/nl\/\"},{\"@type\":\"ListItem\",\"position\":2,\"name\":\"Start to charge your electric car with ENGIE Vianeo\"}]},{\"@type\":\"WebSite\",\"@id\":\"https:\/\/vianeo-int.noprod.db-vianeo.com\/nl\/#website\",\"url\":\"https:\/\/vianeo-int.noprod.db-vianeo.com\/nl\/\",\"name\":\"ENGIE Vianeo\",\"description\":\"L\u2019\u00e9nergie est notre avenir, \u00e9conomisons-la.\",\"publisher\":{\"@id\":\"https:\/\/vianeo-int.noprod.db-vianeo.com\/nl\/#organization\"},\"potentialAction\":[{\"@type\":\"SearchAction\",\"target\":{\"@type\":\"EntryPoint\",\"urlTemplate\":\"https:\/\/vianeo-int.noprod.db-vianeo.com\/nl\/?s={search_term_string}\"},\"query-input\":\"required name=search_term_string\"}],\"inLanguage\":\"nl-NL\"},{\"@type\":\"Organization\",\"@id\":\"https:\/\/vianeo-int.noprod.db-vianeo.com\/nl\/#organization\",\"name\":\"ENGIE Vianeo\",\"url\":\"https:\/\/vianeo-int.noprod.db-vianeo.com\/nl\/\",\"logo\":{\"@type\":\"ImageObject\",\"inLanguage\":\"nl-NL\",\"@id\":\"https:\/\/vianeo-int.noprod.db-vianeo.com\/nl\/#\/schema\/logo\/image\/\",\"url\":\"https:\/\/vianeo-int.noprod.db-vianeo.com\/wp-content\/uploads\/2023\/05\/logo-engie-vianeo.svg\",\"contentUrl\":\"https:\/\/vianeo-int.noprod.db-vianeo.com\/wp-content\/uploads\/2023\/05\/logo-engie-vianeo.svg\",\"width\":1,\"height\":1,\"caption\":\"ENGIE Vianeo\"},\"image\":{\"@id\":\"https:\/\/vianeo-int.noprod.db-vianeo.com\/nl\/#\/schema\/logo\/image\/\"},\"sameAs\":[\"https:\/\/www.facebook.com\/ENGIEvianeo\",\"https:\/\/twitter.com\/ENGIEvianeo\"]}]}<\/script>\n<!-- \/ Yoast SEO plugin. -->","yoast_head_json":{"title":"Start to charge your electric car with ENGIE Vianeo","description":"With ENGIE Vianeo, take a new approach to electric mobility. Decarbonize your everyday life with our electric charging solutions.","robots":{"index":"noindex","follow":"follow","max-snippet":"max-snippet:-1","max-image-preview":"max-image-preview:large","max-video-preview":"max-video-preview:-1"},"og_locale":"nl_NL","og_type":"article","og_title":"ENGIE","og_description":"With ENGIE Vianeo, take a new approach to electric mobility. Decarbonize your everyday life with our electric charging solutions.","og_url":"https:\/\/vianeo-int.noprod.db-vianeo.com\/nl\/","og_site_name":"ENGIE","article_publisher":"https:\/\/www.facebook.com\/ENGIEvianeo","article_modified_time":"2023-09-27T12:23:42+00:00","og_image":[{"width":1200,"height":1222,"url":"https:\/\/www.engie-vianeo.com\/wp-content\/uploads\/2023\/06\/img-engie-rs.jpg","type":"image\/jpeg"}],"twitter_card":"summary_large_image","twitter_title":"ENGIE","twitter_description":"With ENGIE Vianeo, take a new approach to electric mobility. Decarbonize your everyday life with our electric charging solutions.","twitter_image":"https:\/\/vianeo-int.noprod.db-vianeo.com\/wp-content\/uploads\/2023\/06\/img-engie-rs.jpg","twitter_site":"@ENGIEvianeo","twitter_misc":{"Est. reading time":"1 minute"},"schema":{"@context":"https:\/\/schema.org","@graph":[{"@type":"WebPage","@id":"https:\/\/vianeo-int.noprod.db-vianeo.com\/nl\/","url":"https:\/\/vianeo-int.noprod.db-vianeo.com\/nl\/","name":"Start to charge your electric car with ENGIE Vianeo","isPartOf":{"@id":"https:\/\/vianeo-int.noprod.db-vianeo.com\/nl\/#website"},"datePublished":"2023-04-05T12:19:05+00:00","dateModified":"2023-09-27T12:23:42+00:00","description":"With ENGIE Vianeo, take a new approach to electric mobility. Decarbonize your everyday life with our electric charging solutions.","breadcrumb":{"@id":"https:\/\/vianeo-int.noprod.db-vianeo.com\/nl\/#breadcrumb"},"inLanguage":"nl-NL","potentialAction":[{"@type":"ReadAction","target":["https:\/\/vianeo-int.noprod.db-vianeo.com\/nl\/"]}]},{"@type":"BreadcrumbList","@id":"https:\/\/vianeo-int.noprod.db-vianeo.com\/nl\/#breadcrumb","itemListElement":[{"@type":"ListItem","position":1,"name":"home","item":"https:\/\/www.engie-vianeo.com\/nl\/"},{"@type":"ListItem","position":2,"name":"Start to charge your electric car with ENGIE Vianeo"}]},{"@type":"WebSite","@id":"https:\/\/vianeo-int.noprod.db-vianeo.com\/nl\/#website","url":"https:\/\/vianeo-int.noprod.db-vianeo.com\/nl\/","name":"ENGIE Vianeo","description":"L\u2019\u00e9nergie est notre avenir, \u00e9conomisons-la.","publisher":{"@id":"https:\/\/vianeo-int.noprod.db-vianeo.com\/nl\/#organization"},"potentialAction":[{"@type":"SearchAction","target":{"@type":"EntryPoint","urlTemplate":"https:\/\/vianeo-int.noprod.db-vianeo.com\/nl\/?s={search_term_string}"},"query-input":"required name=search_term_string"}],"inLanguage":"nl-NL"},{"@type":"Organization","@id":"https:\/\/vianeo-int.noprod.db-vianeo.com\/nl\/#organization","name":"ENGIE Vianeo","url":"https:\/\/vianeo-int.noprod.db-vianeo.com\/nl\/","logo":{"@type":"ImageObject","inLanguage":"nl-NL","@id":"https:\/\/vianeo-int.noprod.db-vianeo.com\/nl\/#\/schema\/logo\/image\/","url":"https:\/\/vianeo-int.noprod.db-vianeo.com\/wp-content\/uploads\/2023\/05\/logo-engie-vianeo.svg","contentUrl":"https:\/\/vianeo-int.noprod.db-vianeo.com\/wp-content\/uploads\/2023\/05\/logo-engie-vianeo.svg","width":1,"height":1,"caption":"ENGIE Vianeo"},"image":{"@id":"https:\/\/vianeo-int.noprod.db-vianeo.com\/nl\/#\/schema\/logo\/image\/"},"sameAs":["https:\/\/www.facebook.com\/ENGIEvianeo","https:\/\/twitter.com\/ENGIEvianeo"]}]}},"_links":{"self":[{"href":"https:\/\/vianeo-int.noprod.db-vianeo.com\/nl\/wp-json\/wp\/v2\/pages\/94","targetHints":{"allow":["GET"]}}],"collection":[{"href":"https:\/\/vianeo-int.noprod.db-vianeo.com\/nl\/wp-json\/wp\/v2\/pages"}],"about":[{"href":"https:\/\/vianeo-int.noprod.db-vianeo.com\/nl\/wp-json\/wp\/v2\/types\/page"}],"author":[{"embeddable":true,"href":"https:\/\/vianeo-int.noprod.db-vianeo.com\/nl\/wp-json\/wp\/v2\/users\/2"}],"replies":[{"embeddable":true,"href":"https:\/\/vianeo-int.noprod.db-vianeo.com\/nl\/wp-json\/wp\/v2\/comments?post=94"}],"version-history":[{"count":21,"href":"https:\/\/vianeo-int.noprod.db-vianeo.com\/nl\/wp-json\/wp\/v2\/pages\/94\/revisions"}],"predecessor-version":[{"id":2046,"href":"https:\/\/vianeo-int.noprod.db-vianeo.com\/nl\/wp-json\/wp\/v2\/pages\/94\/revisions\/2046"}],"wp:attachment":[{"href":"https:\/\/vianeo-int.noprod.db-vianeo.com\/nl\/wp-json\/wp\/v2\/media?parent=94"}],"curies":[{"name":"wp","href":"https:\/\/api.w.org\/{rel}","templated":true}]}}